{"id":416,"date":"2024-02-07T09:50:17","date_gmt":"2024-02-07T09:50:17","guid":{"rendered":"https:\/\/airdropic.com\/?page_id=416"},"modified":"2024-06-21T09:14:05","modified_gmt":"2024-06-21T09:14:05","slug":"wallet-airdrop-checker","status":"publish","type":"page","link":"https:\/\/airdropic.com\/pl\/narzedzie-do-sprawdzania-zrzutow-z-portfela\/","title":{"rendered":"Wallet Airdrop Checker"},"content":{"rendered":"<p>Przedstawiamy Ultimate Wallet Airdrop Checker: B\u0105d\u017a na bie\u017c\u0105co w \u015bwiecie kryptowalut<\/p>\n<p>W szybko zmieniaj\u0105cym si\u0119 \u015bwiecie kryptowalut, bycie na bie\u017c\u0105co z najnowszymi trendami i mo\u017cliwo\u015bciami mo\u017ce by\u0107 wyzwaniem. W Airdropic.com nasz\u0105 misj\u0105 jest zapewnienie, \u017ce nigdy nie przegapisz \u017cadnych ekscytuj\u0105cych wydarze\u0144. Dlatego te\u017c z rado\u015bci\u0105 przedstawiamy kompleksowe narz\u0119dzia do sprawdzania zrzut\u00f3w z portfela - \u017ar\u00f3d\u0142o informacji, dzi\u0119ki kt\u00f3remu mo\u017cesz by\u0107 na bie\u017c\u0105co w \u015bwiecie kryptowalut.<\/p>\n<p><b><span class=\"collapseomatic\" id=\"id69df30cf347f7\"  tabindex=\"0\" title=\"Czytaj wi\u0119cej\"    >Czytaj wi\u0119cej<\/span><div id=\"target-id69df30cf347f7\" class=\"collapseomatic_content\"><\/b>Nasza platforma zosta\u0142a zaprojektowana z my\u015bl\u0105 o prostocie i skuteczno\u015bci. Stworzyli\u015bmy kolekcj\u0119 najnowocze\u015bniejszych narz\u0119dzi do sprawdzania airdrop\u00f3w z ca\u0142ej sieci, z kt\u00f3rych wszystkie s\u0105 dost\u0119pne za darmo. Niezale\u017cnie od tego, czy jeste\u015b do\u015bwiadczonym inwestorem, czy dopiero zanurzasz palce w \u015bwiecie blockchain, nasze narz\u0119dzia s\u0105 przeznaczone dla u\u017cytkownik\u00f3w na wszystkich poziomach do\u015bwiadczenia.<\/p>\n<p>Jedn\u0105 z kluczowych cech naszej platformy jest jej inkluzywno\u015b\u0107. Rozumiemy, \u017ce krajobraz kryptowalut jest rozleg\u0142y i zr\u00f3\u017cnicowany, z licznymi blockchainami walcz\u0105cymi o uwag\u0119. Dlatego staramy si\u0119 zapewni\u0107 co najmniej jedno narz\u0119dzie dla ka\u017cdego blockchaina, zapewniaj\u0105c naszym u\u017cytkownikom dost\u0119p do najbardziej istotnych i aktualnych informacji.<\/p>\n<p>Z ponad 30 blockchainami na naszej platformie, zawsze jest miejsce na rozw\u00f3j i ekspansj\u0119. Z zadowoleniem przyjmujemy wk\u0142ad naszej spo\u0142eczno\u015bci - je\u015bli opracowa\u0142e\u015b lub natkn\u0105\u0142e\u015b si\u0119 na narz\u0119dzia, kt\u00f3re Twoim zdaniem przynios\u0142yby korzy\u015bci naszym u\u017cytkownikom, nie wahaj si\u0119 z nami skontaktowa\u0107. Razem mo\u017cemy stworzy\u0107 t\u0119tni\u0105cy \u017cyciem i dynamiczny ekosystem, w kt\u00f3rym ka\u017cdy ma szans\u0119 si\u0119 rozwija\u0107.<span style=\"font-weight: 400;\"><\/div><\/span><\/p>\n<figure id=\"attachment_366\" aria-describedby=\"caption-attachment-366\" style=\"width: 140px\" class=\"wp-caption aligncenter\"><img decoding=\"async\" class=\"size-thumbnail wp-image-366\" src=\"http:\/\/airdropic.com\/wp-content\/uploads\/2024\/02\/no-bg-150x150.png\" alt=\"Airdropic.com\" width=\"150\" height=\"150\" srcset=\"https:\/\/airdropic.com\/wp-content\/uploads\/2024\/02\/no-bg-150x150.png 150w, https:\/\/airdropic.com\/wp-content\/uploads\/2024\/02\/no-bg-300x300.png 300w, https:\/\/airdropic.com\/wp-content\/uploads\/2024\/02\/no-bg.png 500w\" sizes=\"(max-width: 150px) 100vw, 150px\" \/><figcaption id=\"caption-attachment-366\" class=\"wp-caption-text\">Airdropic.com<\/figcaption><\/figure>\n<p><span style=\"font-weight: 400;\">LAST UPDATE: 15\/04\/2026<\/span><\/p>\n<ol>\n<li><a href=\"https:\/\/airdropic.com\/pl\/farming-airdrops-on-solana\/\">Solana Airdrop<\/a> Szachownica: <span style=\"font-weight: 400;\"><span class=\"collapseomatic\" id=\"id69df30cf348d0\"  tabindex=\"0\" title=\"Poka\u017c\"    >Poka\u017c<\/span><div id=\"target-id69df30cf348d0\" class=\"collapseomatic_content\"><\/span><a href=\"https:\/\/solana-airdrop-checker.solworks.dev\/\" target=\"_blank\" rel=\"noopener\">https:\/\/solana-airdrop-checker.solworks.dev\/<\/a><span style=\"font-weight: 400;\"><\/div><\/span><\/li>\n<\/ol>\n<p>Wiele \u0142a\u0144cuch\u00f3w:<\/p>\n<ul>\n<li>Dappradar <a href=\"https:\/\/dappradar.com\/hub\/airdrops\" target=\"_blank\" rel=\"noopener\">https:\/\/dappradar.com\/hub\/airdrops<\/a><\/li>\n<\/ul>","protected":false},"excerpt":{"rendered":"<p>Introducing the Ultimate Wallet Airdrop &#8230; <a title=\"Wallet Airdrop Checker\" class=\"read-more\" href=\"https:\/\/airdropic.com\/pl\/narzedzie-do-sprawdzania-zrzutow-z-portfela\/\" aria-label=\"More on Wallet Airdrop Checker\">Czytaj wi\u0119cej<\/a><\/p>","protected":false},"author":1,"featured_media":190,"parent":0,"menu_order":0,"comment_status":"closed","ping_status":"closed","template":"","meta":{"_analytify_skip_tracking":false,"footnotes":""},"meta_box":[],"_links":{"self":[{"href":"https:\/\/airdropic.com\/pl\/wp-json\/wp\/v2\/pages\/416"}],"collection":[{"href":"https:\/\/airdropic.com\/pl\/wp-json\/wp\/v2\/pages"}],"about":[{"href":"https:\/\/airdropic.com\/pl\/wp-json\/wp\/v2\/types\/page"}],"author":[{"embeddable":true,"href":"https:\/\/airdropic.com\/pl\/wp-json\/wp\/v2\/users\/1"}],"replies":[{"embeddable":true,"href":"https:\/\/airdropic.com\/pl\/wp-json\/wp\/v2\/comments?post=416"}],"version-history":[{"count":5,"href":"https:\/\/airdropic.com\/pl\/wp-json\/wp\/v2\/pages\/416\/revisions"}],"predecessor-version":[{"id":421,"href":"https:\/\/airdropic.com\/pl\/wp-json\/wp\/v2\/pages\/416\/revisions\/421"}],"wp:featuredmedia":[{"embeddable":true,"href":"https:\/\/airdropic.com\/pl\/wp-json\/wp\/v2\/media\/190"}],"wp:attachment":[{"href":"https:\/\/airdropic.com\/pl\/wp-json\/wp\/v2\/media?parent=416"}],"curies":[{"name":"wp","href":"https:\/\/api.w.org\/{rel}","templated":true}]}}