{"id":7,"date":"2024-02-01T13:49:36","date_gmt":"2024-02-01T13:49:36","guid":{"rendered":"https:\/\/airdropic.com\/?page_id=7"},"modified":"2024-06-21T09:14:01","modified_gmt":"2024-06-21T09:14:01","slug":"contact-support","status":"publish","type":"page","link":"https:\/\/airdropic.com\/tr\/iletisim-destegi\/","title":{"rendered":"\u0130leti\u015fim Deste\u011fi"},"content":{"rendered":"<p>Bu, m\u00fc\u015fterilerinizin deste\u011fe ula\u015fabilece\u011fi \u00f6rnek bir sayfad\u0131r.<\/p>","protected":false},"excerpt":{"rendered":"<p>This is an example page &#8230; <a title=\"\u0130leti\u015fim Deste\u011fi\" class=\"read-more\" href=\"https:\/\/airdropic.com\/tr\/iletisim-destegi\/\" aria-label=\"More on Contact Support\">Daha fazla bilgi edinin<\/a><\/p>","protected":false},"author":1,"featured_media":190,"parent":0,"menu_order":0,"comment_status":"closed","ping_status":"closed","template":"","meta":{"_analytify_skip_tracking":false,"footnotes":""},"meta_box":[],"_links":{"self":[{"href":"https:\/\/airdropic.com\/tr\/wp-json\/wp\/v2\/pages\/7"}],"collection":[{"href":"https:\/\/airdropic.com\/tr\/wp-json\/wp\/v2\/pages"}],"about":[{"href":"https:\/\/airdropic.com\/tr\/wp-json\/wp\/v2\/types\/page"}],"author":[{"embeddable":true,"href":"https:\/\/airdropic.com\/tr\/wp-json\/wp\/v2\/users\/1"}],"replies":[{"embeddable":true,"href":"https:\/\/airdropic.com\/tr\/wp-json\/wp\/v2\/comments?post=7"}],"version-history":[{"count":1,"href":"https:\/\/airdropic.com\/tr\/wp-json\/wp\/v2\/pages\/7\/revisions"}],"predecessor-version":[{"id":2948,"href":"https:\/\/airdropic.com\/tr\/wp-json\/wp\/v2\/pages\/7\/revisions\/2948"}],"wp:featuredmedia":[{"embeddable":true,"href":"https:\/\/airdropic.com\/tr\/wp-json\/wp\/v2\/media\/190"}],"wp:attachment":[{"href":"https:\/\/airdropic.com\/tr\/wp-json\/wp\/v2\/media?parent=7"}],"curies":[{"name":"wp","href":"https:\/\/api.w.org\/{rel}","templated":true}]}}